{"id":2679,"date":"2026-04-02T09:52:43","date_gmt":"2026-04-02T07:52:43","guid":{"rendered":"https:\/\/www.liveandstay.se\/ekmanska\/?page_id=2679"},"modified":"2026-04-02T09:55:58","modified_gmt":"2026-04-02T07:55:58","slug":"om-oss-2","status":"publish","type":"page","link":"https:\/\/www.liveandstay.se\/ekmanska\/om-oss-2","title":{"rendered":"Om oss"},"content":{"rendered":"","protected":false},"excerpt":{"rendered":"","protected":false},"author":2,"featured_media":0,"parent":0,"menu_order":0,"comment_status":"closed","ping_status":"closed","template":"template-sections.php","meta":{"_acf_changed":false,"_monsterinsights_skip_tracking":false,"_monsterinsights_sitenote_active":false,"_monsterinsights_sitenote_note":"","_monsterinsights_sitenote_category":0,"footnotes":""},"class_list":["post-2679","page","type-page","status-publish","hentry"],"acf":[],"yoast_head":"<!-- This site is optimized with the Yoast SEO plugin v23.4 - https:\/\/yoast.com\/wordpress\/plugins\/seo\/ -->\n<title>Om oss - Ekman<\/title>\n<meta name=\"description\" content=\"L\u00e4r k\u00e4nna Ekmanska hos Live and Stay i G\u00f6teborg. Exklusiva och fullt utrustade l\u00e4genheter med centralt l\u00e4ge, komfort och flexibla boendel\u00f6sningar.\" \/>\n<meta name=\"robots\" content=\"index, follow, max-snippet:-1, max-image-preview:large, max-video-preview:-1\" \/>\n<link rel=\"canonical\" href=\"https:\/\/www.liveandstay.se\/ekmanska\/om-oss-2\" \/>\n<meta property=\"og:locale\" content=\"sv_SE\" \/>\n<meta property=\"og:type\" content=\"article\" \/>\n<meta property=\"og:title\" content=\"Om oss - Ekman\" \/>\n<meta property=\"og:description\" content=\"L\u00e4r k\u00e4nna Ekmanska hos Live and Stay i G\u00f6teborg. Exklusiva och fullt utrustade l\u00e4genheter med centralt l\u00e4ge, komfort och flexibla boendel\u00f6sningar.\" \/>\n<meta property=\"og:url\" content=\"https:\/\/www.liveandstay.se\/ekmanska\/om-oss-2\" \/>\n<meta property=\"og:site_name\" content=\"Ekman\" \/>\n<meta property=\"article:modified_time\" content=\"2026-04-02T07:55:58+00:00\" \/>\n<meta name=\"twitter:card\" content=\"summary_large_image\" \/>\n<script type=\"application\/ld+json\" class=\"yoast-schema-graph\">{\"@context\":\"https:\/\/schema.org\",\"@graph\":[{\"@type\":\"WebPage\",\"@id\":\"https:\/\/www.liveandstay.se\/ekmanska\/om-oss-2\",\"url\":\"https:\/\/www.liveandstay.se\/ekmanska\/om-oss-2\",\"name\":\"Om oss - Ekman\",\"isPartOf\":{\"@id\":\"https:\/\/www.liveandstay.se\/ekmanska\/#website\"},\"datePublished\":\"2026-04-02T07:52:43+00:00\",\"dateModified\":\"2026-04-02T07:55:58+00:00\",\"description\":\"L\u00e4r k\u00e4nna Ekmanska hos Live and Stay i G\u00f6teborg. Exklusiva och fullt utrustade l\u00e4genheter med centralt l\u00e4ge, komfort och flexibla boendel\u00f6sningar.\",\"breadcrumb\":{\"@id\":\"https:\/\/www.liveandstay.se\/ekmanska\/om-oss-2#breadcrumb\"},\"inLanguage\":\"sv-SE\",\"potentialAction\":[{\"@type\":\"ReadAction\",\"target\":[\"https:\/\/www.liveandstay.se\/ekmanska\/om-oss-2\"]}]},{\"@type\":\"BreadcrumbList\",\"@id\":\"https:\/\/www.liveandstay.se\/ekmanska\/om-oss-2#breadcrumb\",\"itemListElement\":[{\"@type\":\"ListItem\",\"position\":1,\"name\":\"Hem\",\"item\":\"https:\/\/www.liveandstay.se\/ekmanska\/en\/exclusive-aparthotel\"},{\"@type\":\"ListItem\",\"position\":2,\"name\":\"Om oss\"}]},{\"@type\":\"WebSite\",\"@id\":\"https:\/\/www.liveandstay.se\/ekmanska\/#website\",\"url\":\"https:\/\/www.liveandstay.se\/ekmanska\/\",\"name\":\"Ekman\",\"description\":\"Exklusivt l\u00e4genhetsboende i centrala G\u00f6teborg\",\"potentialAction\":[{\"@type\":\"SearchAction\",\"target\":{\"@type\":\"EntryPoint\",\"urlTemplate\":\"https:\/\/www.liveandstay.se\/ekmanska\/?s={search_term_string}\"},\"query-input\":{\"@type\":\"PropertyValueSpecification\",\"valueRequired\":true,\"valueName\":\"search_term_string\"}}],\"inLanguage\":\"sv-SE\"}]}<\/script>\n<!-- \/ Yoast SEO plugin. -->","yoast_head_json":{"title":"Om oss - Ekman","description":"L\u00e4r k\u00e4nna Ekmanska hos Live and Stay i G\u00f6teborg. Exklusiva och fullt utrustade l\u00e4genheter med centralt l\u00e4ge, komfort och flexibla boendel\u00f6sningar.","robots":{"index":"index","follow":"follow","max-snippet":"max-snippet:-1","max-image-preview":"max-image-preview:large","max-video-preview":"max-video-preview:-1"},"canonical":"https:\/\/www.liveandstay.se\/ekmanska\/om-oss-2","og_locale":"sv_SE","og_type":"article","og_title":"Om oss - Ekman","og_description":"L\u00e4r k\u00e4nna Ekmanska hos Live and Stay i G\u00f6teborg. Exklusiva och fullt utrustade l\u00e4genheter med centralt l\u00e4ge, komfort och flexibla boendel\u00f6sningar.","og_url":"https:\/\/www.liveandstay.se\/ekmanska\/om-oss-2","og_site_name":"Ekman","article_modified_time":"2026-04-02T07:55:58+00:00","twitter_card":"summary_large_image","schema":{"@context":"https:\/\/schema.org","@graph":[{"@type":"WebPage","@id":"https:\/\/www.liveandstay.se\/ekmanska\/om-oss-2","url":"https:\/\/www.liveandstay.se\/ekmanska\/om-oss-2","name":"Om oss - Ekman","isPartOf":{"@id":"https:\/\/www.liveandstay.se\/ekmanska\/#website"},"datePublished":"2026-04-02T07:52:43+00:00","dateModified":"2026-04-02T07:55:58+00:00","description":"L\u00e4r k\u00e4nna Ekmanska hos Live and Stay i G\u00f6teborg. Exklusiva och fullt utrustade l\u00e4genheter med centralt l\u00e4ge, komfort och flexibla boendel\u00f6sningar.","breadcrumb":{"@id":"https:\/\/www.liveandstay.se\/ekmanska\/om-oss-2#breadcrumb"},"inLanguage":"sv-SE","potentialAction":[{"@type":"ReadAction","target":["https:\/\/www.liveandstay.se\/ekmanska\/om-oss-2"]}]},{"@type":"BreadcrumbList","@id":"https:\/\/www.liveandstay.se\/ekmanska\/om-oss-2#breadcrumb","itemListElement":[{"@type":"ListItem","position":1,"name":"Hem","item":"https:\/\/www.liveandstay.se\/ekmanska\/en\/exclusive-aparthotel"},{"@type":"ListItem","position":2,"name":"Om oss"}]},{"@type":"WebSite","@id":"https:\/\/www.liveandstay.se\/ekmanska\/#website","url":"https:\/\/www.liveandstay.se\/ekmanska\/","name":"Ekman","description":"Exklusivt l\u00e4genhetsboende i centrala G\u00f6teborg","potentialAction":[{"@type":"SearchAction","target":{"@type":"EntryPoint","urlTemplate":"https:\/\/www.liveandstay.se\/ekmanska\/?s={search_term_string}"},"query-input":{"@type":"PropertyValueSpecification","valueRequired":true,"valueName":"search_term_string"}}],"inLanguage":"sv-SE"}]}},"_links":{"self":[{"href":"https:\/\/www.liveandstay.se\/ekmanska\/wp-json\/wp\/v2\/pages\/2679"}],"collection":[{"href":"https:\/\/www.liveandstay.se\/ekmanska\/wp-json\/wp\/v2\/pages"}],"about":[{"href":"https:\/\/www.liveandstay.se\/ekmanska\/wp-json\/wp\/v2\/types\/page"}],"author":[{"embeddable":true,"href":"https:\/\/www.liveandstay.se\/ekmanska\/wp-json\/wp\/v2\/users\/2"}],"replies":[{"embeddable":true,"href":"https:\/\/www.liveandstay.se\/ekmanska\/wp-json\/wp\/v2\/comments?post=2679"}],"version-history":[{"count":1,"href":"https:\/\/www.liveandstay.se\/ekmanska\/wp-json\/wp\/v2\/pages\/2679\/revisions"}],"predecessor-version":[{"id":2981,"href":"https:\/\/www.liveandstay.se\/ekmanska\/wp-json\/wp\/v2\/pages\/2679\/revisions\/2981"}],"wp:attachment":[{"href":"https:\/\/www.liveandstay.se\/ekmanska\/wp-json\/wp\/v2\/media?parent=2679"}],"curies":[{"name":"wp","href":"https:\/\/api.w.org\/{rel}","templated":true}]}}