{"id":2175,"date":"2022-02-16T16:30:08","date_gmt":"2022-02-16T15:30:08","guid":{"rendered":"https:\/\/www.liveandstay.se\/ekmanska\/?page_id=2175"},"modified":"2026-03-10T15:06:47","modified_gmt":"2026-03-10T14:06:47","slug":"boka-lagenhet","status":"publish","type":"page","link":"https:\/\/www.liveandstay.se\/ekmanska\/boka-lagenhet","title":{"rendered":"Boka l\u00e4genhet | Kort- eller l\u00e5ngtidsuthyrning"},"content":{"rendered":"","protected":false},"excerpt":{"rendered":"","protected":false},"author":1,"featured_media":0,"parent":0,"menu_order":0,"comment_status":"closed","ping_status":"closed","template":"template-sections.php","meta":{"_acf_changed":false,"_monsterinsights_skip_tracking":false,"_monsterinsights_sitenote_active":false,"_monsterinsights_sitenote_note":"","_monsterinsights_sitenote_category":0,"footnotes":""},"class_list":["post-2175","page","type-page","status-publish","hentry"],"acf":[],"yoast_head":"<!-- This site is optimized with the Yoast SEO plugin v23.4 - https:\/\/yoast.com\/wordpress\/plugins\/seo\/ -->\n<title>Boka l\u00e4genhet | Kort- eller l\u00e5ngtidsuthyrning - Ekman<\/title>\n<meta name=\"description\" content=\"Boka l\u00e4genhet hos Live &amp; Stay! Vi erbjuder fullt utrustade och exklusivt inredda l\u00e4genheter f\u00f6r kort- eller l\u00e5ngtidsuthyrning. V\u00e4kommen!\" \/>\n<meta name=\"robots\" content=\"index, follow, max-snippet:-1, max-image-preview:large, max-video-preview:-1\" \/>\n<link rel=\"canonical\" href=\"https:\/\/www.liveandstay.se\/ekmanska\/boka-lagenhet\" \/>\n<meta property=\"og:locale\" content=\"sv_SE\" \/>\n<meta property=\"og:type\" content=\"article\" \/>\n<meta property=\"og:title\" content=\"Boka l\u00e4genhet | Kort- eller l\u00e5ngtidsuthyrning - Ekman\" \/>\n<meta property=\"og:description\" content=\"Boka l\u00e4genhet hos Live &amp; Stay! Vi erbjuder fullt utrustade och exklusivt inredda l\u00e4genheter f\u00f6r kort- eller l\u00e5ngtidsuthyrning. V\u00e4kommen!\" \/>\n<meta property=\"og:url\" content=\"https:\/\/www.liveandstay.se\/ekmanska\/boka-lagenhet\" \/>\n<meta property=\"og:site_name\" content=\"Ekman\" \/>\n<meta property=\"article:modified_time\" content=\"2026-03-10T14:06:47+00:00\" \/>\n<meta name=\"twitter:card\" content=\"summary_large_image\" \/>\n<script type=\"application\/ld+json\" class=\"yoast-schema-graph\">{\"@context\":\"https:\/\/schema.org\",\"@graph\":[{\"@type\":\"WebPage\",\"@id\":\"https:\/\/www.liveandstay.se\/ekmanska\/boka-lagenhet\",\"url\":\"https:\/\/www.liveandstay.se\/ekmanska\/boka-lagenhet\",\"name\":\"Boka l\u00e4genhet | Kort- eller l\u00e5ngtidsuthyrning - Ekman\",\"isPartOf\":{\"@id\":\"https:\/\/www.liveandstay.se\/ekmanska\/#website\"},\"datePublished\":\"2022-02-16T15:30:08+00:00\",\"dateModified\":\"2026-03-10T14:06:47+00:00\",\"description\":\"Boka l\u00e4genhet hos Live & Stay! Vi erbjuder fullt utrustade och exklusivt inredda l\u00e4genheter f\u00f6r kort- eller l\u00e5ngtidsuthyrning. V\u00e4kommen!\",\"breadcrumb\":{\"@id\":\"https:\/\/www.liveandstay.se\/ekmanska\/boka-lagenhet#breadcrumb\"},\"inLanguage\":\"sv-SE\",\"potentialAction\":[{\"@type\":\"ReadAction\",\"target\":[\"https:\/\/www.liveandstay.se\/ekmanska\/boka-lagenhet\"]}]},{\"@type\":\"BreadcrumbList\",\"@id\":\"https:\/\/www.liveandstay.se\/ekmanska\/boka-lagenhet#breadcrumb\",\"itemListElement\":[{\"@type\":\"ListItem\",\"position\":1,\"name\":\"Hem\",\"item\":\"https:\/\/www.liveandstay.se\/ekmanska\/en\/exclusive-aparthotel\"},{\"@type\":\"ListItem\",\"position\":2,\"name\":\"Boka l\u00e4genhet | Kort- eller l\u00e5ngtidsuthyrning\"}]},{\"@type\":\"WebSite\",\"@id\":\"https:\/\/www.liveandstay.se\/ekmanska\/#website\",\"url\":\"https:\/\/www.liveandstay.se\/ekmanska\/\",\"name\":\"Ekman\",\"description\":\"Exklusivt l\u00e4genhetsboende i centrala G\u00f6teborg\",\"potentialAction\":[{\"@type\":\"SearchAction\",\"target\":{\"@type\":\"EntryPoint\",\"urlTemplate\":\"https:\/\/www.liveandstay.se\/ekmanska\/?s={search_term_string}\"},\"query-input\":{\"@type\":\"PropertyValueSpecification\",\"valueRequired\":true,\"valueName\":\"search_term_string\"}}],\"inLanguage\":\"sv-SE\"}]}<\/script>\n<!-- \/ Yoast SEO plugin. -->","yoast_head_json":{"title":"Boka l\u00e4genhet | Kort- eller l\u00e5ngtidsuthyrning - Ekman","description":"Boka l\u00e4genhet hos Live & Stay! Vi erbjuder fullt utrustade och exklusivt inredda l\u00e4genheter f\u00f6r kort- eller l\u00e5ngtidsuthyrning. V\u00e4kommen!","robots":{"index":"index","follow":"follow","max-snippet":"max-snippet:-1","max-image-preview":"max-image-preview:large","max-video-preview":"max-video-preview:-1"},"canonical":"https:\/\/www.liveandstay.se\/ekmanska\/boka-lagenhet","og_locale":"sv_SE","og_type":"article","og_title":"Boka l\u00e4genhet | Kort- eller l\u00e5ngtidsuthyrning - Ekman","og_description":"Boka l\u00e4genhet hos Live & Stay! Vi erbjuder fullt utrustade och exklusivt inredda l\u00e4genheter f\u00f6r kort- eller l\u00e5ngtidsuthyrning. V\u00e4kommen!","og_url":"https:\/\/www.liveandstay.se\/ekmanska\/boka-lagenhet","og_site_name":"Ekman","article_modified_time":"2026-03-10T14:06:47+00:00","twitter_card":"summary_large_image","schema":{"@context":"https:\/\/schema.org","@graph":[{"@type":"WebPage","@id":"https:\/\/www.liveandstay.se\/ekmanska\/boka-lagenhet","url":"https:\/\/www.liveandstay.se\/ekmanska\/boka-lagenhet","name":"Boka l\u00e4genhet | Kort- eller l\u00e5ngtidsuthyrning - Ekman","isPartOf":{"@id":"https:\/\/www.liveandstay.se\/ekmanska\/#website"},"datePublished":"2022-02-16T15:30:08+00:00","dateModified":"2026-03-10T14:06:47+00:00","description":"Boka l\u00e4genhet hos Live & Stay! Vi erbjuder fullt utrustade och exklusivt inredda l\u00e4genheter f\u00f6r kort- eller l\u00e5ngtidsuthyrning. V\u00e4kommen!","breadcrumb":{"@id":"https:\/\/www.liveandstay.se\/ekmanska\/boka-lagenhet#breadcrumb"},"inLanguage":"sv-SE","potentialAction":[{"@type":"ReadAction","target":["https:\/\/www.liveandstay.se\/ekmanska\/boka-lagenhet"]}]},{"@type":"BreadcrumbList","@id":"https:\/\/www.liveandstay.se\/ekmanska\/boka-lagenhet#breadcrumb","itemListElement":[{"@type":"ListItem","position":1,"name":"Hem","item":"https:\/\/www.liveandstay.se\/ekmanska\/en\/exclusive-aparthotel"},{"@type":"ListItem","position":2,"name":"Boka l\u00e4genhet | Kort- eller l\u00e5ngtidsuthyrning"}]},{"@type":"WebSite","@id":"https:\/\/www.liveandstay.se\/ekmanska\/#website","url":"https:\/\/www.liveandstay.se\/ekmanska\/","name":"Ekman","description":"Exklusivt l\u00e4genhetsboende i centrala G\u00f6teborg","potentialAction":[{"@type":"SearchAction","target":{"@type":"EntryPoint","urlTemplate":"https:\/\/www.liveandstay.se\/ekmanska\/?s={search_term_string}"},"query-input":{"@type":"PropertyValueSpecification","valueRequired":true,"valueName":"search_term_string"}}],"inLanguage":"sv-SE"}]}},"_links":{"self":[{"href":"https:\/\/www.liveandstay.se\/ekmanska\/wp-json\/wp\/v2\/pages\/2175"}],"collection":[{"href":"https:\/\/www.liveandstay.se\/ekmanska\/wp-json\/wp\/v2\/pages"}],"about":[{"href":"https:\/\/www.liveandstay.se\/ekmanska\/wp-json\/wp\/v2\/types\/page"}],"author":[{"embeddable":true,"href":"https:\/\/www.liveandstay.se\/ekmanska\/wp-json\/wp\/v2\/users\/1"}],"replies":[{"embeddable":true,"href":"https:\/\/www.liveandstay.se\/ekmanska\/wp-json\/wp\/v2\/comments?post=2175"}],"version-history":[{"count":23,"href":"https:\/\/www.liveandstay.se\/ekmanska\/wp-json\/wp\/v2\/pages\/2175\/revisions"}],"predecessor-version":[{"id":2974,"href":"https:\/\/www.liveandstay.se\/ekmanska\/wp-json\/wp\/v2\/pages\/2175\/revisions\/2974"}],"wp:attachment":[{"href":"https:\/\/www.liveandstay.se\/ekmanska\/wp-json\/wp\/v2\/media?parent=2175"}],"curies":[{"name":"wp","href":"https:\/\/api.w.org\/{rel}","templated":true}]}}